{"id":3893,"date":"2025-07-02T15:00:39","date_gmt":"2025-07-02T15:00:39","guid":{"rendered":"https:\/\/surebettools.com\/?page_id=3893"},"modified":"2025-07-12T11:38:29","modified_gmt":"2025-07-12T11:38:29","slug":"sure-betting","status":"publish","type":"page","link":"https:\/\/surebettools.com\/sv\/sure-betting\/","title":{"rendered":"Sure Betting"},"content":{"rendered":"<div data-elementor-type=\"wp-page\" data-elementor-id=\"3893\" class=\"elementor elementor-3893\">\n\t\t\t\t<div class=\"elementor-element elementor-element-7182184 e-flex e-con-boxed e-con e-parent\" data-id=\"7182184\" data-element_type=\"container\" data-settings=\"{&quot;background_background&quot;:&quot;gradient&quot;}\">\n\t\t\t\t\t<div class=\"e-con-inner\">\n\t\t<div class=\"elementor-element elementor-element-b06717b e-con-full e-flex e-con e-child\" data-id=\"b06717b\" data-element_type=\"container\">\n\t\t\t\t<div class=\"elementor-element elementor-element-e7de53f elementor-widget elementor-widget-image\" data-id=\"e7de53f\" data-element_type=\"widget\" data-widget_type=\"image.default\">\n\t\t\t\t<div class=\"elementor-widget-container\">\n\t\t\t\t\t\t\t\t\t\t\t\t\t\t\t<img fetchpriority=\"high\" decoding=\"async\" width=\"800\" height=\"600\" src=\"https:\/\/surebettools.com\/wp-content\/uploads\/2025\/07\/Sure-betting-Arbitrage-betting.webp\" class=\"attachment-large size-large wp-image-3915\" alt=\"\" srcset=\"https:\/\/surebettools.com\/wp-content\/uploads\/2025\/07\/Sure-betting-Arbitrage-betting.webp 800w, https:\/\/surebettools.com\/wp-content\/uploads\/2025\/07\/Sure-betting-Arbitrage-betting-300x225.png 300w, https:\/\/surebettools.com\/wp-content\/uploads\/2025\/07\/Sure-betting-Arbitrage-betting-768x576.png 768w, https:\/\/surebettools.com\/wp-content\/uploads\/2025\/07\/Sure-betting-Arbitrage-betting-16x12.webp 16w\" sizes=\"(max-width: 800px) 100vw, 800px\" \/>\t\t\t\t\t\t\t\t\t\t\t\t\t\t\t<\/div>\n\t\t\t\t<\/div>\n\t\t\t\t<div class=\"elementor-element elementor-element-dd18693 elementor-widget elementor-widget-text-editor\" data-id=\"dd18693\" data-element_type=\"widget\" data-widget_type=\"text-editor.default\">\n\t\t\t\t<div class=\"elementor-widget-container\">\n\t\t\t\t\t\t\t\t\t<h2 data-start=\"844\" data-end=\"879\">Hur fungerar surebetting?<\/h2><p data-start=\"881\" data-end=\"1129\">Surebetting fungerar genom att utnyttja <strong data-start=\"914\" data-end=\"936\">oddskillnader<\/strong> mellan olika spelbolag. N\u00e4r tv\u00e5 eller flera spelbolag inte \u00e4r \u00f6verens om sannolikheten f\u00f6r ett visst utfall, kan oddsen skilja sig tillr\u00e4ckligt mycket f\u00f6r att du ska kunna spela p\u00e5 alla m\u00f6jliga utfall \u2013 och s\u00e4kra en garanterad vinst.<\/p>\t\t\t\t\t\t\t\t<\/div>\n\t\t\t\t<\/div>\n\t\t\t\t<\/div>\n\t\t<div class=\"elementor-element elementor-element-0a6824d e-con-full e-flex e-con e-child\" data-id=\"0a6824d\" data-element_type=\"container\">\n\t\t<div class=\"elementor-element elementor-element-678e8cf e-con-full e-flex e-con e-child\" data-id=\"678e8cf\" data-element_type=\"container\">\n\t\t\t\t<div class=\"elementor-element elementor-element-012eac6 elementor-widget__width-initial elementor-widget-mobile__width-initial elementor-widget elementor-widget-text-editor\" data-id=\"012eac6\" data-element_type=\"widget\" data-widget_type=\"text-editor.default\">\n\t\t\t\t<div class=\"elementor-widget-container\">\n\t\t\t\t\t\t\t\t\t<h2 data-start=\"258\" data-end=\"315\">Vad \u00e4r surebetting?\u00a0<\/h2><p data-start=\"317\" data-end=\"696\"><strong data-start=\"317\" data-end=\"333\">Sure betting<\/strong>, ocks\u00e5 k\u00e4nt som <strong data-start=\"349\" data-end=\"370\">arbitrage betting<\/strong> eller <strong data-start=\"374\" data-end=\"384\">arbing<\/strong>, \u00e4r en riskfri bettingstrategi d\u00e4r du placerar spel p\u00e5 alla m\u00f6jliga utfall i ett sportevenemang \u2013 hos olika spelbolag. P\u00e5 s\u00e5 s\u00e4tt garanteras vinst oavsett resultatet. Detta \u00e4r m\u00f6jligt eftersom olika spelbolag ibland erbjuder olika odds f\u00f6r samma match, vilket skapar l\u00f6nsamma m\u00f6jligheter.<\/p><p style=\"text-align: left;\" data-start=\"698\" data-end=\"837\">I den h\u00e4r guiden f\u00f6rklarar vi vad surebetting \u00e4r, hur det fungerar, dess f\u00f6r- och nackdelar, samt vilka verktyg som \u00e4r b\u00e4st att anv\u00e4nda 2025.<\/p><p style=\"text-align: left;\" data-start=\"1131\" data-end=\"1145\"><strong data-start=\"1131\" data-end=\"1143\">Exempel:<\/strong><\/p><ul style=\"text-align: left;\" data-start=\"1146\" data-end=\"1237\"><li data-start=\"1146\" data-end=\"1191\"><p data-start=\"1148\" data-end=\"1191\">Spelbolag A erbjuder odds 2.10 p\u00e5 Lag X<\/p><\/li><li data-start=\"1192\" data-end=\"1237\"><p data-start=\"1194\" data-end=\"1237\">Spelbolag B erbjuder odds 2.10 p\u00e5 Lag Y<\/p><\/li><\/ul><p style=\"text-align: left;\" data-start=\"1239\" data-end=\"1341\">Genom att r\u00e4kna ut r\u00e4tt insatser f\u00f6r varje spel kan du s\u00e4kra vinst, oavsett vilket lag som vinner.<\/p><p style=\"text-align: center;\" data-start=\"881\" data-end=\"1129\"><img decoding=\"async\" class=\"alignnone wp-image-3916\" src=\"https:\/\/surebettools.com\/wp-content\/uploads\/2025\/07\/ChatGPT-Image-2-juli-2025-19_02_15.png\" alt=\"\" width=\"431\" height=\"287\" srcset=\"https:\/\/surebettools.com\/wp-content\/uploads\/2025\/07\/ChatGPT-Image-2-juli-2025-19_02_15.png 1536w, https:\/\/surebettools.com\/wp-content\/uploads\/2025\/07\/ChatGPT-Image-2-juli-2025-19_02_15-300x200.png 300w, https:\/\/surebettools.com\/wp-content\/uploads\/2025\/07\/ChatGPT-Image-2-juli-2025-19_02_15-1024x683.png 1024w\" sizes=\"(max-width: 431px) 100vw, 431px\" \/><\/p>\t\t\t\t\t\t\t\t<\/div>\n\t\t\t\t<\/div>\n\t\t\t\t<\/div>\n\t\t\t\t<\/div>\n\t\t\t\t\t<\/div>\n\t\t\t\t<\/div>\n\t\t<div class=\"elementor-element elementor-element-eb9880f e-flex e-con-boxed e-con e-parent\" data-id=\"eb9880f\" data-element_type=\"container\">\n\t\t\t\t\t<div class=\"e-con-inner\">\n\t\t<div class=\"elementor-element elementor-element-e9cd893 e-con-full e-flex e-con e-child\" data-id=\"e9cd893\" data-element_type=\"container\">\n\t\t\t\t<div class=\"elementor-element elementor-element-113a30c elementor-widget elementor-widget-text-editor\" data-id=\"113a30c\" data-element_type=\"widget\" data-widget_type=\"text-editor.default\">\n\t\t\t\t<div class=\"elementor-widget-container\">\n\t\t\t\t\t\t\t\t\t<h2 data-start=\"1348\" data-end=\"1378\">\u00c4r surebetting lagligt?<\/h2><p data-start=\"1380\" data-end=\"1678\">I de flesta l\u00e4nder <strong data-start=\"1399\" data-end=\"1424\">\u00e4r surebetting lagligt,<\/strong> eftersom det handlar om att spela hos licensierade spelbolag. D\u00e4remot uppskattar inte spelbolag denna strategi och kan begr\u00e4nsa eller st\u00e4nga av konton om de uppt\u00e4cker arbitrageaktivitet. Det \u00e4r viktigt att du kontrollerar lokala regler samt villkor hos varje spelbolag du anv\u00e4nder.<\/p>\t\t\t\t\t\t\t\t<\/div>\n\t\t\t\t<\/div>\n\t\t\t\t<\/div>\n\t\t\t\t\t<\/div>\n\t\t\t\t<\/div>\n\t\t<div class=\"elementor-element elementor-element-9bf6eb4 e-flex e-con-boxed e-con e-parent\" data-id=\"9bf6eb4\" data-element_type=\"container\">\n\t\t\t\t\t<div class=\"e-con-inner\">\n\t\t<div class=\"elementor-element elementor-element-15bf971 e-con-full e-flex e-con e-child\" data-id=\"15bf971\" data-element_type=\"container\">\n\t\t\t\t<div class=\"elementor-element elementor-element-129a1be elementor-widget elementor-widget-text-editor\" data-id=\"129a1be\" data-element_type=\"widget\" data-widget_type=\"text-editor.default\">\n\t\t\t\t<div class=\"elementor-widget-container\">\n\t\t\t\t\t\t\t\t\t<h2 data-start=\"1685\" data-end=\"1722\">F\u00f6r- och nackdelar med surebetting<\/h2><h3 data-start=\"1724\" data-end=\"1735\">\u2705 F\u00f6rdelar:<\/h3><ul data-start=\"1736\" data-end=\"1996\"><li data-start=\"1736\" data-end=\"1831\"><p data-start=\"1738\" data-end=\"1831\"><strong data-start=\"1738\" data-end=\"1760\">Garanterad vinst:<\/strong> N\u00e4r det g\u00f6rs korrekt leder surebets alltid till positiv avkastning.<\/p><\/li><li data-start=\"1832\" data-end=\"1910\"><p data-start=\"1834\" data-end=\"1910\"><strong data-start=\"1834\" data-end=\"1860\">Matematiskt bevisat:<\/strong> Strategin bygger p\u00e5 grundl\u00e4ggande sannolikhet och oddsber\u00e4kning.<\/p><\/li><li data-start=\"1911\" data-end=\"1996\"><p data-start=\"1913\" data-end=\"1996\"><strong data-start=\"1913\" data-end=\"1949\">Ingen behov av att f\u00f6rutsp\u00e5 resultat:<\/strong> Vinsten s\u00e4kras oavsett hur matchen slutar.<\/p><\/li><\/ul>\t\t\t\t\t\t\t\t<\/div>\n\t\t\t\t<\/div>\n\t\t\t\t<\/div>\n\t\t<div class=\"elementor-element elementor-element-f69054f e-con-full e-flex e-con e-child\" data-id=\"f69054f\" data-element_type=\"container\">\n\t\t\t\t<div class=\"elementor-element elementor-element-3a35b3a elementor-widget elementor-widget-text-editor\" data-id=\"3a35b3a\" data-element_type=\"widget\" data-widget_type=\"text-editor.default\">\n\t\t\t\t<div class=\"elementor-widget-container\">\n\t\t\t\t\t\t\t\t\t<h3 data-start=\"1998\" data-end=\"2009\"><strong data-start=\"1189\" data-end=\"1211\"><img decoding=\"async\" class=\"emoji\" role=\"img\" draggable=\"false\" src=\"https:\/\/s.w.org\/images\/core\/emoji\/15.1.0\/svg\/2716.svg\" alt=\"\u2716\ufe0f\" \/><\/strong> Nackdelar:<\/h3><ul data-start=\"2010\" data-end=\"2302\"><li data-start=\"2010\" data-end=\"2095\"><p data-start=\"2012\" data-end=\"2095\"><strong data-start=\"2012\" data-end=\"2033\">Kontobegr\u00e4nsningar:<\/strong> Spelbolag kan begr\u00e4nsa eller st\u00e4nga av konton som anv\u00e4nder arbitrage.<\/p><\/li><li data-start=\"2096\" data-end=\"2199\"><p data-start=\"2098\" data-end=\"2199\"><strong data-start=\"2098\" data-end=\"2129\">Kr\u00e4ver flera konton:<\/strong> Du beh\u00f6ver konton hos flera spelbolag f\u00f6r att f\u00e5 tillg\u00e5ng till olika odds.<\/p><\/li><li data-start=\"2200\" data-end=\"2302\"><p data-start=\"2202\" data-end=\"2302\"><strong data-start=\"2202\" data-end=\"2234\">Snabba beslut kr\u00e4vs:<\/strong> Surebet-m\u00f6jligheter \u00e4r tidsk\u00e4nsliga och f\u00f6rsvinner ofta snabbt.<\/p><\/li><\/ul>\t\t\t\t\t\t\t\t<\/div>\n\t\t\t\t<\/div>\n\t\t\t\t<\/div>\n\t\t\t\t\t<\/div>\n\t\t\t\t<\/div>\n\t\t<div class=\"elementor-element elementor-element-02e4efd e-flex e-con-boxed e-con e-parent\" data-id=\"02e4efd\" data-element_type=\"container\">\n\t\t\t\t\t<div class=\"e-con-inner\">\n\t\t<div class=\"elementor-element elementor-element-2bda5e4 e-con-full e-flex e-con e-child\" data-id=\"2bda5e4\" data-element_type=\"container\">\n\t\t\t\t<div class=\"elementor-element elementor-element-3b46391 elementor-widget elementor-widget-text-editor\" data-id=\"3b46391\" data-element_type=\"widget\" data-widget_type=\"text-editor.default\">\n\t\t\t\t<div class=\"elementor-widget-container\">\n\t\t\t\t\t\t\t\t\t<h2 data-start=\"2761\" data-end=\"2796\">\ud83d\udcca Hur hittar man surebets?<\/h2><p data-start=\"2341\" data-end=\"2540\">Att hitta surebets manuellt \u00e4r b\u00e5de tidskr\u00e4vande och ineffektivt. D\u00e4rf\u00f6r anv\u00e4nder de flesta framg\u00e5ngsrika arbers specialiserad <strong data-start=\"2441\" data-end=\"2461\">programvara<\/strong> som skannar tusentals odds i realtid och markerar l\u00f6nsamma spel.<\/p><p data-start=\"2341\" data-end=\"2540\"><strong>Vi har granskat hundratals verktyg och program, och kommit fram till att dessa \u00e4r de mest effektiva:<\/strong><\/p><ul data-start=\"2585\" data-end=\"2650\"><li data-start=\"2585\" data-end=\"2600\"><p data-start=\"2587\" data-end=\"2600\"><strong data-start=\"2587\" data-end=\"2600\">BetBurger<\/strong><\/p><\/li><li data-start=\"2601\" data-end=\"2619\"><p data-start=\"2603\" data-end=\"2619\"><a href=\"https:\/\/www.rebelbetting.com\/?x=surebettools\"><strong data-start=\"2603\" data-end=\"2619\">RebelBetting<\/strong><\/a><\/p><\/li><li data-start=\"2620\" data-end=\"2650\"><p data-start=\"2622\" data-end=\"2650\"><a href=\"https:\/\/oddsjam.com\/?ref=y2exnjc\"><strong data-start=\"2622\" data-end=\"2633\">OddsJam<\/strong><\/a><\/p><\/li><\/ul><p data-start=\"2652\" data-end=\"2754\">Dessa verktyg l\u00e5ter dig filtrera spel efter sport, marknadstyp, vinstmarginal och tillg\u00e4ngliga spelbolag.<\/p>\t\t\t\t\t\t\t\t<\/div>\n\t\t\t\t<\/div>\n\t\t\t\t<\/div>\n\t\t<div class=\"elementor-element elementor-element-9e15076 e-con-full e-flex e-con e-child\" data-id=\"9e15076\" data-element_type=\"container\">\n\t\t\t\t<div class=\"elementor-element elementor-element-62d0caa elementor-widget elementor-widget-text-editor\" data-id=\"62d0caa\" data-element_type=\"widget\" data-widget_type=\"text-editor.default\">\n\t\t\t\t<div class=\"elementor-widget-container\">\n\t\t\t\t\t\t\t\t\t<h2 data-start=\"2761\" data-end=\"2796\">S\u00e5 r\u00e4knar du ut surebets manuellt:<\/h2><p data-start=\"2798\" data-end=\"2845\">Anv\u00e4nd f\u00f6ljande formel f\u00f6r att se om en surebet existerar:<\/p><p data-start=\"2847\" data-end=\"2882\"><strong data-start=\"2847\" data-end=\"2882\">(1 \/ odds A) + (1 \/ odds B) &lt; 1<\/strong><\/p><p data-start=\"2884\" data-end=\"2937\">Om summan \u00e4r under 1, finns en arbitragem\u00f6jlighet.<\/p><p data-start=\"2939\" data-end=\"2953\"><strong data-start=\"2939\" data-end=\"2951\">Exempel:<\/strong><\/p><ul data-start=\"2954\" data-end=\"3036\"><li data-start=\"2954\" data-end=\"3036\"><p data-start=\"2956\" data-end=\"3036\">(1 \/ 2.10) + (1 \/ 2.10) = 0.952<br data-start=\"2987\" data-end=\"2990\" \/>Eftersom 0.952 \u00e4r mindre \u00e4n 1 finns en s\u00e4ker vinstm\u00f6jlighet.<\/p><\/li><\/ul><p data-start=\"3038\" data-end=\"3140\">Den h\u00e4r <a href=\"https:\/\/surebettools.com\/sv\/odds-calculator\/\"><strong data-start=\"3045\" data-end=\"3068\">surebet kalkylatorn<\/strong><\/a>\u00a0och de flesta arbitrage betting verktyg automatiserar denna process \u00e5t dig.<\/p>\t\t\t\t\t\t\t\t<\/div>\n\t\t\t\t<\/div>\n\t\t\t\t<\/div>\n\t\t\t\t\t<\/div>\n\t\t\t\t<\/div>\n\t\t<div class=\"elementor-element elementor-element-c66edaf e-flex e-con-boxed e-con e-parent\" data-id=\"c66edaf\" data-element_type=\"container\" data-settings=\"{&quot;background_background&quot;:&quot;gradient&quot;}\">\n\t\t\t\t\t<div class=\"e-con-inner\">\n\t\t\t\t<div class=\"elementor-element elementor-element-ec86e4e elementor-widget__width-inherit elementor-widget elementor-widget-text-editor\" data-id=\"ec86e4e\" data-element_type=\"widget\" data-widget_type=\"text-editor.default\">\n\t\t\t\t<div class=\"elementor-widget-container\">\n\t\t\t\t\t\t\t\t\t<h2 data-start=\"3147\" data-end=\"3194\">\u00c4r surebetting fortfarande v\u00e4rt det 2025?<\/h2><p data-start=\"3196\" data-end=\"3457\">Ja \u2013 men med vissa begr\u00e4nsningar. Sure betting \u00e4r fortfarande en <strong data-start=\"3247\" data-end=\"3268\">l\u00e5g-risk-strategi<\/strong> f\u00f6r disciplinerade spelare med tillg\u00e5ng till flera spelkonton. Det kr\u00e4ver dock snabbhet, fokus och en genomt\u00e4nkt insatsstrategi, eftersom odds ofta f\u00f6r\u00e4ndras och spelbolag snabbt kan uppt\u00e4cka m\u00f6nster.<\/p><p data-start=\"3459\" data-end=\"3634\">F\u00f6r hobybyspelare kan surebetting vara ett l\u00f6nsamt sidoprojekt. F\u00f6r professionella fungerar det ofta som ett komplement till andra strategier som <a href=\"https:\/\/surebettools.com\/sv\/value-betting\/\"><strong data-start=\"3616\" data-end=\"3633\">value betting<\/strong><\/a>.<\/p><hr data-start=\"3636\" data-end=\"3639\" \/><h2 data-start=\"3641\" data-end=\"3663\">Summerande tankar<\/h2><p data-start=\"3665\" data-end=\"3951\">Surebetting \u00e4r en av f\u00e5 riskfria bettingstrategier som finns \u2013 m\u00f6jlig tack vare oddsskillnader mellan olika spelbolag. Trots utmaningar som kontobegr\u00e4nsningar och snabba marknadsf\u00f6r\u00e4ndringar kan det med r\u00e4tt verktyg och strategi fortfarande vara mycket l\u00f6nsamt \u00e5r 2025.<\/p><p data-start=\"3953\" data-end=\"4053\">Redo att komma ig\u00e5ng?\nKolla in v\u00e5r lista \u00f6ver de <strong data-start=\"4011\" data-end=\"4042\">b\u00e4sta surebet-verktygen<\/strong> <a class=\"\" href=\"https:\/\/surebettools.com\/sv\/\" rel=\"noopener\" data-start=\"4043\" data-end=\"4052\">h\u00e4r.<\/a>.<\/p><hr data-start=\"4055\" data-end=\"4058\" \/><h2 data-start=\"4060\" data-end=\"4083\">\u00a0<\/h2><h2 data-start=\"4060\" data-end=\"4083\">Relaterade artiklar:<\/h2><ul data-start=\"4084\" data-end=\"4215\"><li data-start=\"4084\" data-end=\"4113\"><a href=\"https:\/\/surebettools.com\/sv\/value-betting\/\">Value Betting<\/a><\/li><\/ul><ul data-start=\"4084\" data-end=\"4215\"><li data-start=\"4114\" data-end=\"4159\"><p data-start=\"4116\" data-end=\"4159\"><a href=\"https:\/\/surebettools.com\/sv\/\">Top 5 Best Betting Tools 2025<\/a><\/p><\/li><\/ul>\t\t\t\t\t\t\t\t<\/div>\n\t\t\t\t<\/div>\n\t\t\t\t\t<\/div>\n\t\t\t\t<\/div>\n\t\t\t\t<\/div>","protected":false},"excerpt":{"rendered":"<p>How Does Sure Betting Work? Sure betting works by exploiting odds discrepancies between bookmakers. When two or more bookmakers disagree on the probability of an event, their odds differ enough to allow a bettor to place bets on every possible outcome and secure a profit. What is Sure Betting?\u00a0 Sure betting, also known as arbitrage [&hellip;]<\/p>","protected":false},"author":1,"featured_media":0,"parent":0,"menu_order":0,"comment_status":"closed","ping_status":"closed","template":"","meta":{"om_disable_all_campaigns":false,"_uag_custom_page_level_css":"","_monsterinsights_skip_tracking":false,"_monsterinsights_sitenote_active":false,"_monsterinsights_sitenote_note":"","_monsterinsights_sitenote_category":0,"site-sidebar-layout":"no-sidebar","site-content-layout":"page-builder","ast-site-content-layout":"full-width-container","site-content-style":"default","site-sidebar-style":"default","ast-global-header-display":"","ast-banner-title-visibility":"","ast-main-header-display":"","ast-hfb-above-header-display":"","ast-hfb-below-header-display":"","ast-hfb-mobile-header-display":"","site-post-title":"disabled","ast-breadcrumbs-content":"","ast-featured-img":"disabled","footer-sml-layout":"","theme-transparent-header-meta":"","adv-header-id-meta":"","stick-header-meta":"","header-above-stick-meta":"","header-main-stick-meta":"","header-below-stick-meta":"","astra-migrate-meta-layouts":"default","ast-page-background-enabled":"default","ast-page-background-meta":{"desktop":{"background-color":"","background-image":"","background-repeat":"repeat","background-position":"center center","background-size":"auto","background-attachment":"scroll","background-type":"","background-media":"","overlay-type":"","overlay-color":"","overlay-opacity":"","overlay-gradient":""},"tablet":{"background-color":"","background-image":"","background-repeat":"repeat","background-position":"center center","background-size":"auto","background-attachment":"scroll","background-type":"","background-media":"","overlay-type":"","overlay-color":"","overlay-opacity":"","overlay-gradient":""},"mobile":{"background-color":"","background-image":"","background-repeat":"repeat","background-position":"center center","background-size":"auto","background-attachment":"scroll","background-type":"","background-media":"","overlay-type":"","overlay-color":"","overlay-opacity":"","overlay-gradient":""}},"ast-content-background-meta":{"desktop":{"background-color":"var(--ast-global-color-5)","background-image":"","background-repeat":"repeat","background-position":"center center","background-size":"auto","background-attachment":"scroll","background-type":"","background-media":"","overlay-type":"","overlay-color":"","overlay-opacity":"","overlay-gradient":""},"tablet":{"background-color":"var(--ast-global-color-5)","background-image":"","background-repeat":"repeat","background-position":"center center","background-size":"auto","background-attachment":"scroll","background-type":"","background-media":"","overlay-type":"","overlay-color":"","overlay-opacity":"","overlay-gradient":""},"mobile":{"background-color":"var(--ast-global-color-5)","background-image":"","background-repeat":"repeat","background-position":"center center","background-size":"auto","background-attachment":"scroll","background-type":"","background-media":"","overlay-type":"","overlay-color":"","overlay-opacity":"","overlay-gradient":""}},"footnotes":""},"class_list":["post-3893","page","type-page","status-publish","hentry"],"aioseo_notices":[],"uagb_featured_image_src":{"full":false,"thumbnail":false,"medium":false,"medium_large":false,"large":false,"1536x1536":false,"2048x2048":false,"trp-custom-language-flag":false},"uagb_author_info":{"display_name":"eltonsorse@icloud.com","author_link":"https:\/\/surebettools.com\/sv\/author\/eltonsorseicloud-com\/"},"uagb_comment_info":0,"uagb_excerpt":"How Does Sure Betting Work? Sure betting works by exploiting odds discrepancies between bookmakers. When two or more bookmakers disagree on the probability of an event, their odds differ enough to allow a bettor to place bets on every possible outcome and secure a profit. What is Sure Betting?\u00a0 Sure betting, also known as arbitrage&hellip;","_links":{"self":[{"href":"https:\/\/surebettools.com\/sv\/wp-json\/wp\/v2\/pages\/3893","targetHints":{"allow":["GET"]}}],"collection":[{"href":"https:\/\/surebettools.com\/sv\/wp-json\/wp\/v2\/pages"}],"about":[{"href":"https:\/\/surebettools.com\/sv\/wp-json\/wp\/v2\/types\/page"}],"author":[{"embeddable":true,"href":"https:\/\/surebettools.com\/sv\/wp-json\/wp\/v2\/users\/1"}],"replies":[{"embeddable":true,"href":"https:\/\/surebettools.com\/sv\/wp-json\/wp\/v2\/comments?post=3893"}],"version-history":[{"count":70,"href":"https:\/\/surebettools.com\/sv\/wp-json\/wp\/v2\/pages\/3893\/revisions"}],"predecessor-version":[{"id":4148,"href":"https:\/\/surebettools.com\/sv\/wp-json\/wp\/v2\/pages\/3893\/revisions\/4148"}],"wp:attachment":[{"href":"https:\/\/surebettools.com\/sv\/wp-json\/wp\/v2\/media?parent=3893"}],"curies":[{"name":"wp","href":"https:\/\/api.w.org\/{rel}","templated":true}]}}