{"id":3894,"date":"2025-07-02T15:00:39","date_gmt":"2025-07-02T15:00:39","guid":{"rendered":"https:\/\/surebettools.com\/?page_id=3894"},"modified":"2025-07-07T11:45:26","modified_gmt":"2025-07-07T11:45:26","slug":"value-betting","status":"publish","type":"page","link":"https:\/\/surebettools.com\/sv\/value-betting\/","title":{"rendered":"Value Betting"},"content":{"rendered":"<div data-elementor-type=\"wp-page\" data-elementor-id=\"3894\" class=\"elementor elementor-3894\">\n\t\t\t\t<div class=\"elementor-element elementor-element-ebaa25f e-flex e-con-boxed e-con e-parent\" data-id=\"ebaa25f\" data-element_type=\"container\" data-settings=\"{&quot;background_background&quot;:&quot;gradient&quot;}\">\n\t\t\t\t\t<div class=\"e-con-inner\">\n\t\t<div class=\"elementor-element elementor-element-dad7b4b e-con-full e-flex e-con e-child\" data-id=\"dad7b4b\" data-element_type=\"container\">\n\t\t\t\t<div class=\"elementor-element elementor-element-ee3e446 elementor-widget__width-initial elementor-widget-mobile__width-initial elementor-widget elementor-widget-text-editor\" data-id=\"ee3e446\" data-element_type=\"widget\" data-widget_type=\"text-editor.default\">\n\t\t\t\t<div class=\"elementor-widget-container\">\n\t\t\t\t\t\t\t\t\t<h2 data-start=\"276\" data-end=\"334\">Vad \u00e4r value betting?\u00a0<\/h2><p data-start=\"336\" data-end=\"661\"><strong data-start=\"336\" data-end=\"353\">Value betting<\/strong> \u00e4r en l\u00f6nsam bettingstrategi som bygger p\u00e5 att placera spel n\u00e4r oddsen som erbjuds av spelbolaget \u00e4r h\u00f6gre \u00e4n den faktiska sannolikheten f\u00f6r att utfallet ska intr\u00e4ffa. Till skillnad fr\u00e5n spontana spel baserade p\u00e5 magk\u00e4nsla eller favoritlag, anv\u00e4nder value betting matematik och sannolikhet f\u00f6r att ge spelaren ett l\u00e5ngsiktigt \u00f6vertag \u00f6ver spelbolaget.<\/p><p data-start=\"663\" data-end=\"814\">I den h\u00e4r guiden f\u00f6rklarar vi hur value betting fungerar, visar exempel, g\u00e5r igenom f\u00f6r- och nackdelar samt rekommenderar de b\u00e4sta verktygen f\u00f6r value betting \u00e5r 2025.<\/p>\t\t\t\t\t\t\t\t<\/div>\n\t\t\t\t<\/div>\n\t\t\t\t<\/div>\n\t\t<div class=\"elementor-element elementor-element-abfc023 e-con-full e-flex e-con e-child\" data-id=\"abfc023\" data-element_type=\"container\">\n\t\t<div class=\"elementor-element elementor-element-720b813 e-con-full e-flex e-con e-child\" data-id=\"720b813\" data-element_type=\"container\">\n\t\t\t\t<div class=\"elementor-element elementor-element-f3accf8 elementor-widget elementor-widget-image\" data-id=\"f3accf8\" data-element_type=\"widget\" data-widget_type=\"image.default\">\n\t\t\t\t<div class=\"elementor-widget-container\">\n\t\t\t\t\t\t\t\t\t\t\t\t\t\t\t<img decoding=\"async\" src=\"https:\/\/surebettools.com\/wp-content\/uploads\/2025\/07\/Sure-betting-Arbitrage-betting-1.webp\" title=\"Value betting\" alt=\"Value betting\" loading=\"lazy\" \/>\t\t\t\t\t\t\t\t\t\t\t\t\t\t\t<\/div>\n\t\t\t\t<\/div>\n\t\t\t\t<\/div>\n\t\t\t\t<\/div>\n\t\t\t\t\t<\/div>\n\t\t\t\t<\/div>\n\t\t<div class=\"elementor-element elementor-element-3664982 e-flex e-con-boxed e-con e-parent\" data-id=\"3664982\" data-element_type=\"container\">\n\t\t\t\t\t<div class=\"e-con-inner\">\n\t\t<div class=\"elementor-element elementor-element-f1944c3 e-con-full e-flex e-con e-child\" data-id=\"f1944c3\" data-element_type=\"container\">\n\t\t\t\t<div class=\"elementor-element elementor-element-98cd92c elementor-widget elementor-widget-text-editor\" data-id=\"98cd92c\" data-element_type=\"widget\" data-widget_type=\"text-editor.default\">\n\t\t\t\t<div class=\"elementor-widget-container\">\n\t\t\t\t\t\t\t\t\t<h2 data-start=\"821\" data-end=\"857\">Hur fungerar value betting?<\/h2><p data-start=\"859\" data-end=\"1074\">Nyckeln till v\u00e4rdebetting \u00e4r att identifiera <strong data-start=\"896\" data-end=\"972\">odds som \u00e4r f\u00f6r h\u00f6ga i f\u00f6rh\u00e5llande till den faktiska sannolikheten f\u00f6r att ett utfall ska intr\u00e4ffa.<\/strong>Spelbolag priss\u00e4tter ibland marknader fel, och n\u00e4r det h\u00e4nder kan en v\u00e4rdespelare utnyttja dessa odds.<\/p><h4 data-start=\"1297\" data-end=\"1327\"><strong>Formel f\u00f6r f\u00f6rv\u00e4ntat v\u00e4rde (Expected Value):<\/strong><\/h4><p data-start=\"1328\" data-end=\"1406\">F\u00f6r att avg\u00f6ra om ett spel har v\u00e4rde:<br \/><strong data-start=\"1357\" data-end=\"1406\">(Sannolikhet \u00d7 Odds) \u2013 1 = F\u00f6rv\u00e4ntat v\u00e4rde (%)<\/strong><\/p><p data-start=\"1408\" data-end=\"1452\">Om resultatet \u00e4r positivt, \u00e4r det ett v\u00e4rdespel.<\/p><h3 data-start=\"1297\" data-end=\"1327\">\u00a0<\/h3>\t\t\t\t\t\t\t\t<\/div>\n\t\t\t\t<\/div>\n\t\t\t\t<\/div>\n\t\t<div class=\"elementor-element elementor-element-8d14749 e-con-full e-flex e-con e-child\" data-id=\"8d14749\" data-element_type=\"container\">\n\t\t\t\t<div class=\"elementor-element elementor-element-9075f4f elementor-widget elementor-widget-text-editor\" data-id=\"9075f4f\" data-element_type=\"widget\" data-widget_type=\"text-editor.default\">\n\t\t\t\t<div class=\"elementor-widget-container\">\n\t\t\t\t\t\t\t\t\t<p><img fetchpriority=\"high\" decoding=\"async\" class=\"wp-image-3978 aligncenter\" src=\"https:\/\/surebettools.com\/wp-content\/uploads\/2025\/07\/ChatGPT-Image-3-juli-2025-20_25_33-1.png\" alt=\"\" width=\"291\" height=\"437\" srcset=\"https:\/\/surebettools.com\/wp-content\/uploads\/2025\/07\/ChatGPT-Image-3-juli-2025-20_25_33-1.png 1024w, https:\/\/surebettools.com\/wp-content\/uploads\/2025\/07\/ChatGPT-Image-3-juli-2025-20_25_33-1-200x300.png 200w, https:\/\/surebettools.com\/wp-content\/uploads\/2025\/07\/ChatGPT-Image-3-juli-2025-20_25_33-1-683x1024.png 683w\" sizes=\"(max-width: 291px) 100vw, 291px\" \/>.<\/p>\t\t\t\t\t\t\t\t<\/div>\n\t\t\t\t<\/div>\n\t\t\t\t<\/div>\n\t\t\t\t\t<\/div>\n\t\t\t\t<\/div>\n\t\t<div class=\"elementor-element elementor-element-1330aae e-flex e-con-boxed e-con e-parent\" data-id=\"1330aae\" data-element_type=\"container\">\n\t\t\t\t\t<div class=\"e-con-inner\">\n\t\t<div class=\"elementor-element elementor-element-87401ef e-con-full e-flex e-con e-child\" data-id=\"87401ef\" data-element_type=\"container\">\n\t\t\t\t<div class=\"elementor-element elementor-element-ead2f69 elementor-widget__width-initial elementor-widget elementor-widget-text-editor\" data-id=\"ead2f69\" data-element_type=\"widget\" data-widget_type=\"text-editor.default\">\n\t\t\t\t<div class=\"elementor-widget-container\">\n\t\t\t\t\t\t\t\t\t<h2 data-start=\"1751\" data-end=\"1789\">F\u00f6rdelar och nackdelar med value betting<\/h2><h3 data-start=\"1791\" data-end=\"1802\">\u2705 <strong>F\u00f6rdelar:<\/strong><\/h3><ul data-start=\"1803\" data-end=\"1989\"><li data-start=\"1803\" data-end=\"1841\"><p data-start=\"1805\" data-end=\"1841\">Baserat p\u00e5 matematik, inte magk\u00e4nsla<\/p><\/li><li data-start=\"1842\" data-end=\"1890\"><p data-start=\"1844\" data-end=\"1890\">Bevisat l\u00f6nsamt \u00f6ver tid n\u00e4r det g\u00f6rs korrekt<\/p><\/li><li data-start=\"1891\" data-end=\"1934\"><p data-start=\"1893\" data-end=\"1934\">Fungerar p\u00e5 alla sporter och marknader<\/p><\/li><li data-start=\"1935\" data-end=\"1989\"><p data-start=\"1937\" data-end=\"1989\">Kan automatiseras med r\u00e4tt programvara<\/p><\/li><\/ul>\t\t\t\t\t\t\t\t<\/div>\n\t\t\t\t<\/div>\n\t\t\t\t<\/div>\n\t\t<div class=\"elementor-element elementor-element-a25324a e-con-full e-flex e-con e-child\" data-id=\"a25324a\" data-element_type=\"container\">\n\t\t\t\t<div class=\"elementor-element elementor-element-91eea72 elementor-widget elementor-widget-text-editor\" data-id=\"91eea72\" data-element_type=\"widget\" data-widget_type=\"text-editor.default\">\n\t\t\t\t<div class=\"elementor-widget-container\">\n\t\t\t\t\t\t\t\t\t<h3 data-start=\"1991\" data-end=\"2002\">\u00a0<\/h3><h3 data-start=\"1991\" data-end=\"2002\">\u00a0<\/h3><h3 data-start=\"1991\" data-end=\"2002\">\u00a0<\/h3><h3 data-start=\"1998\" data-end=\"2009\"><strong data-start=\"1189\" data-end=\"1211\"><img decoding=\"async\" class=\"emoji\" role=\"img\" draggable=\"false\" src=\"https:\/\/s.w.org\/images\/core\/emoji\/15.1.0\/svg\/2716.svg\" alt=\"\u2716\ufe0f\" \/><\/strong><strong>Cons<\/strong>:<\/h3><ul data-start=\"2003\" data-end=\"2145\"><li data-start=\"2003\" data-end=\"2042\"><p data-start=\"2005\" data-end=\"2042\">H\u00f6g varians p\u00e5 kort sikt \u2013 vinster kommer inte j\u00e4mnt<\/p><\/li><li data-start=\"2043\" data-end=\"2098\"><p data-start=\"2045\" data-end=\"2098\">Kr\u00e4ver stort antal spel f\u00f6r att vara fungera \u00f6ver tid<\/p><\/li><li data-start=\"2099\" data-end=\"2145\"><p data-start=\"2101\" data-end=\"2145\">Spelbolag kan begr\u00e4nsa konton som vinner f\u00f6r ofta<\/p><\/li><\/ul>\t\t\t\t\t\t\t\t<\/div>\n\t\t\t\t<\/div>\n\t\t\t\t<\/div>\n\t\t\t\t\t<\/div>\n\t\t\t\t<\/div>\n\t\t<div class=\"elementor-element elementor-element-6400dbd e-flex e-con-boxed e-con e-parent\" data-id=\"6400dbd\" data-element_type=\"container\" data-settings=\"{&quot;background_background&quot;:&quot;gradient&quot;}\">\n\t\t\t\t\t<div class=\"e-con-inner\">\n\t\t\t\t<div class=\"elementor-element elementor-element-f557290 elementor-widget elementor-widget-text-editor\" data-id=\"f557290\" data-element_type=\"widget\" data-widget_type=\"text-editor.default\">\n\t\t\t\t<div class=\"elementor-widget-container\">\n\t\t\t\t\t\t\t\t\t<h2 data-start=\"2152\" data-end=\"2183\">Hur hittar man value bets?<\/h2><p data-start=\"2185\" data-end=\"2432\">Att manuellt j\u00e4mf\u00f6ra odds och r\u00e4kna sannolikheter tar mycket tid och kr\u00e4ver erfarenhet. D\u00e4rf\u00f6r anv\u00e4nder de flesta framg\u00e5ngsrika value bettare <strong data-start=\"2316\" data-end=\"2342\">betting mjukvara<\/strong> som skannar tusentals odds i realtid och markerar spel med positivt v\u00e4rde.<\/p><h3 data-start=\"2434\" data-end=\"2474\"><strong>Popul\u00e4ra verktyg f\u00f6r value betting 2025:<\/strong><\/h3><ul data-start=\"2475\" data-end=\"2598\"><li data-start=\"2475\" data-end=\"2497\"><p data-start=\"2477\" data-end=\"2497\"><a href=\"https:\/\/www.tradematesports.com\/?via=surebettools\"><strong data-start=\"2477\" data-end=\"2497\">Trademate Sports<\/strong><\/a><\/p><\/li><li data-start=\"2498\" data-end=\"2516\"><p data-start=\"2500\" data-end=\"2516\"><a href=\"https:\/\/www.rebelbetting.com\/?x=surebettools\"><strong data-start=\"2500\" data-end=\"2516\">RebelBetting<\/strong><\/a><\/p><\/li><li data-start=\"2517\" data-end=\"2530\"><p data-start=\"2519\" data-end=\"2530\"><a href=\"https:\/\/oddsjam.com\/?ref=y2exnjc\"><strong data-start=\"2519\" data-end=\"2530\">OddsJam<\/strong><\/a><\/p><\/li><li data-start=\"2531\" data-end=\"2571\"><p data-start=\"2533\" data-end=\"2571\"><strong data-start=\"2533\" data-end=\"2546\">BetBurger<\/strong> (\u00e4ven bra f\u00f6r surebets)<\/p><\/li><li data-start=\"2572\" data-end=\"2598\"><p data-start=\"2574\" data-end=\"2598\"><a href=\"https:\/\/www.pinnacleoddsdropper.com\/?via=surebettools\"><strong data-start=\"2574\" data-end=\"2598\">Pinnacle OddsDropper<\/strong><\/a><\/p><\/li><\/ul><h2 data-start=\"3045\" data-end=\"3095\">\u00c4r value betting fortfarande l\u00f6nsamt 2025?<\/h2><p data-start=\"3097\" data-end=\"3344\">Ja \u2013 value betting \u00e4r fortfarande en av de mest p\u00e5litliga strategierna f\u00f6r den som vill sl\u00e5 spelbolagen. Det kr\u00e4ver disciplin, snabbhet och tillg\u00e5ng till flera spelbolagskonton, men potentialen f\u00f6r l\u00e5ngsiktig vinst \u00e4r stor.<\/p><p data-start=\"3346\" data-end=\"3518\">Trots att fler k\u00e4nner till metoden idag j\u00e4mf\u00f6rt med tidigare, lyckas seri\u00f6sa bettors fortfarande uppn\u00e5 god avkastning med hj\u00e4lp av r\u00e4tt verktyg och strategi.<\/p><h2 data-start=\"3525\" data-end=\"3547\">Summerande tankar<\/h2><p data-start=\"3549\" data-end=\"3749\">Value betting \u00e4r en av f\u00e5 strategier inom sportsbetting som \u00e4r matematiskt f\u00f6rankrad och bevisat l\u00f6nsam \u00f6ver tid. Genom att konsekvent spela p\u00e5 odds som ger positivt f\u00f6rv\u00e4ntat v\u00e4rde bygger du upp ett l\u00e5ngsiktigt \u00f6vertag mot spelbolagen.<\/p><p data-start=\"3751\" data-end=\"3904\">If you&#8217;re disciplined, patient, and equipped with the right tools, value betting can be one of the few legitimate ways to make money from sports betting.<\/p><p data-start=\"3906\" data-end=\"4009\"><strong data-start=\"3906\" data-end=\"3930\">\u00c4r du redo att b\u00f6rja?<\/strong> Utforska v\u00e5r guide till de <strong data-start=\"3958\" data-end=\"3998\">b\u00e4sta verktygen f\u00f6r value betting 2025<\/strong> <a class=\"\" href=\"https:\/\/surebettools.com\/sv\/\" rel=\"noopener\" data-start=\"3999\" data-end=\"4008\">h\u00e4r.<\/a>.<\/p><p data-start=\"3906\" data-end=\"4009\">\u00a0<\/p><h2 data-start=\"4060\" data-end=\"4083\">Relaterade artiklar:<\/h2><ul data-start=\"4084\" data-end=\"4215\"><li data-start=\"4084\" data-end=\"4113\"><a href=\"https:\/\/surebettools.com\/sv\/sure-betting\/\">Sure Betting<\/a><\/li><\/ul><ul data-start=\"4084\" data-end=\"4215\"><li data-start=\"4114\" data-end=\"4159\"><p data-start=\"4116\" data-end=\"4159\"><a href=\"https:\/\/surebettools.com\/sv\/\">Top 5 Best Betting Tools 2025<\/a><\/p><\/li><\/ul>\t\t\t\t\t\t\t\t<\/div>\n\t\t\t\t<\/div>\n\t\t\t\t\t<\/div>\n\t\t\t\t<\/div>\n\t\t\t\t<\/div>","protected":false},"excerpt":{"rendered":"<p>What is Value Betting?\u00a0 Value betting is a profitable betting strategy based on placing bets when the odds offered by a bookmaker are higher than the actual probability of the outcome happening. Unlike casual betting based on gut feeling or fandom, value betting uses mathematics and probability to gain a long-term advantage over the bookmaker. [&hellip;]<\/p>","protected":false},"author":1,"featured_media":0,"parent":0,"menu_order":0,"comment_status":"closed","ping_status":"closed","template":"","meta":{"om_disable_all_campaigns":false,"_uag_custom_page_level_css":"","_monsterinsights_skip_tracking":false,"_monsterinsights_sitenote_active":false,"_monsterinsights_sitenote_note":"","_monsterinsights_sitenote_category":0,"site-sidebar-layout":"no-sidebar","site-content-layout":"page-builder","ast-site-content-layout":"full-width-container","site-content-style":"default","site-sidebar-style":"default","ast-global-header-display":"","ast-banner-title-visibility":"","ast-main-header-display":"","ast-hfb-above-header-display":"","ast-hfb-below-header-display":"","ast-hfb-mobile-header-display":"","site-post-title":"disabled","ast-breadcrumbs-content":"","ast-featured-img":"disabled","footer-sml-layout":"","theme-transparent-header-meta":"","adv-header-id-meta":"","stick-header-meta":"","header-above-stick-meta":"","header-main-stick-meta":"","header-below-stick-meta":"","astra-migrate-meta-layouts":"default","ast-page-background-enabled":"default","ast-page-background-meta":{"desktop":{"background-color":"","background-image":"","background-repeat":"repeat","background-position":"center center","background-size":"auto","background-attachment":"scroll","background-type":"","background-media":"","overlay-type":"","overlay-color":"","overlay-opacity":"","overlay-gradient":""},"tablet":{"background-color":"","background-image":"","background-repeat":"repeat","background-position":"center center","background-size":"auto","background-attachment":"scroll","background-type":"","background-media":"","overlay-type":"","overlay-color":"","overlay-opacity":"","overlay-gradient":""},"mobile":{"background-color":"","background-image":"","background-repeat":"repeat","background-position":"center center","background-size":"auto","background-attachment":"scroll","background-type":"","background-media":"","overlay-type":"","overlay-color":"","overlay-opacity":"","overlay-gradient":""}},"ast-content-background-meta":{"desktop":{"background-color":"var(--ast-global-color-5)","background-image":"","background-repeat":"repeat","background-position":"center center","background-size":"auto","background-attachment":"scroll","background-type":"","background-media":"","overlay-type":"","overlay-color":"","overlay-opacity":"","overlay-gradient":""},"tablet":{"background-color":"var(--ast-global-color-5)","background-image":"","background-repeat":"repeat","background-position":"center center","background-size":"auto","background-attachment":"scroll","background-type":"","background-media":"","overlay-type":"","overlay-color":"","overlay-opacity":"","overlay-gradient":""},"mobile":{"background-color":"var(--ast-global-color-5)","background-image":"","background-repeat":"repeat","background-position":"center center","background-size":"auto","background-attachment":"scroll","background-type":"","background-media":"","overlay-type":"","overlay-color":"","overlay-opacity":"","overlay-gradient":""}},"footnotes":""},"class_list":["post-3894","page","type-page","status-publish","hentry"],"aioseo_notices":[],"uagb_featured_image_src":{"full":false,"thumbnail":false,"medium":false,"medium_large":false,"large":false,"1536x1536":false,"2048x2048":false,"trp-custom-language-flag":false},"uagb_author_info":{"display_name":"eltonsorse@icloud.com","author_link":"https:\/\/surebettools.com\/sv\/author\/eltonsorseicloud-com\/"},"uagb_comment_info":0,"uagb_excerpt":"What is Value Betting?\u00a0 Value betting is a profitable betting strategy based on placing bets when the odds offered by a bookmaker are higher than the actual probability of the outcome happening. Unlike casual betting based on gut feeling or fandom, value betting uses mathematics and probability to gain a long-term advantage over the bookmaker.&hellip;","_links":{"self":[{"href":"https:\/\/surebettools.com\/sv\/wp-json\/wp\/v2\/pages\/3894","targetHints":{"allow":["GET"]}}],"collection":[{"href":"https:\/\/surebettools.com\/sv\/wp-json\/wp\/v2\/pages"}],"about":[{"href":"https:\/\/surebettools.com\/sv\/wp-json\/wp\/v2\/types\/page"}],"author":[{"embeddable":true,"href":"https:\/\/surebettools.com\/sv\/wp-json\/wp\/v2\/users\/1"}],"replies":[{"embeddable":true,"href":"https:\/\/surebettools.com\/sv\/wp-json\/wp\/v2\/comments?post=3894"}],"version-history":[{"count":31,"href":"https:\/\/surebettools.com\/sv\/wp-json\/wp\/v2\/pages\/3894\/revisions"}],"predecessor-version":[{"id":4058,"href":"https:\/\/surebettools.com\/sv\/wp-json\/wp\/v2\/pages\/3894\/revisions\/4058"}],"wp:attachment":[{"href":"https:\/\/surebettools.com\/sv\/wp-json\/wp\/v2\/media?parent=3894"}],"curies":[{"name":"wp","href":"https:\/\/api.w.org\/{rel}","templated":true}]}}